{"id":2,"date":"2024-06-07T20:22:31","date_gmt":"2024-06-07T18:22:31","guid":{"rendered":"http:\/\/aclam-mornant.fr\/?page_id=2"},"modified":"2024-06-07T22:42:16","modified_gmt":"2024-06-07T20:42:16","slug":"page-d-exemple","status":"publish","type":"page","link":"https:\/\/aclam-mornant.fr\/index.php\/page-d-exemple\/","title":{"rendered":"Activit\u00e9s enfants"},"content":{"rendered":"\r\n<style>#sp-ea-75 .spcollapsing { height: 0; overflow: hidden; transition-property: height;transition-duration: 300ms;}#sp-ea-75.sp-easy-accordion>.sp-ea-single {margin-bottom: 10px; border: 1px solid #e2e2e2; }#sp-ea-75.sp-easy-accordion>.sp-ea-single>.ea-header a {color: #444;}#sp-ea-75.sp-easy-accordion>.sp-ea-single>.sp-collapse>.ea-body {background: #fff; color: #444;}#sp-ea-75.sp-easy-accordion>.sp-ea-single {background: #eee;}#sp-ea-75.sp-easy-accordion>.sp-ea-single>.ea-header a .ea-expand-icon { float: left; color: #444;font-size: 16px;}<\/style><div id=\"sp_easy_accordion-1717791703\"><div id=\"sp-ea-75\" class=\"sp-ea-one sp-easy-accordion\" data-ex-icon=\"minus\" data-col-icon=\"plus\"  data-ea-active=\"ea-click\"  data-ea-mode=\"vertical\" data-preloader=\"\" data-scroll-active-item=\"\" data-offset-to-scroll=\"0\"><div class=\"ea-card ea-expand sp-ea-single\"><h3 class=\"ea-header\"><a class=\"collapsed\" id=\"ea-header-750\" data-sptoggle=\"spcollapse\" data-sptarget=\"#collapse750\" aria-controls=\"collapse750\" href=\"javascript:void(0)\"  aria-expanded=\"true\" tabindex=\"0\"><i class=\"ea-expand-icon ea-icon-expand-minus\"><\/i> BABYGYM<\/a><\/h3><div class=\"sp-collapse spcollapse collapsed show\" id=\"collapse750\" data-parent=\"#sp-ea-75\" role=\"region\" aria-labelledby=\"ea-header-750\"><div class=\"ea-body\"><h3><strong>BABYGYM<\/strong><\/h3>\n<p>Le\u00a0<strong>Babygym<\/strong>\u00a0participe au d\u00e9veloppememt psychomoteur de l\u2019enfant. Toutes les\u00a0\u00a0\u00bbtechniques\u00a0\u00bb sont propos\u00e9es sous forme de jeux, sc\u00e9nettes, histoires o\u00f9 l\u2019enfant joue un personnage qui court, saute, roule\u2026\u00a0Il perfectionne son \u00e9quilibre, \u00e9coute les consignes et les int\u00e9gre. Les jeux collectifs sont abord\u00e9s \u00e9galement d\u00e9veloppant ainsi la notion d\u2019\u00e9quipe, de collectif.<\/p>\n<p><strong>Professeur : Thomas FAYARD<\/strong><\/p>\n<p>Horaires<\/p>\n<div class=\"entry\">\n<p><strong>Mercredi\u00a0 \u00a0 Salle Polyvalente - \u00c9cole Petit Prince<\/strong><\/p>\n<p>10h00 \u2013 11h00 \u00a0 \u00a0 \u00a03\/4 ans<br \/>\n11h00 \u2013 12h00\u00a0\u00a0\u00a0\u00a0\u00a0 4\/5 ans<\/p>\n<\/div>\n<\/div><\/div><\/div><div class=\"ea-card  sp-ea-single\"><h3 class=\"ea-header\"><a class=\"collapsed\" id=\"ea-header-751\" data-sptoggle=\"spcollapse\" data-sptarget=\"#collapse751\" aria-controls=\"collapse751\" href=\"javascript:void(0)\"  aria-expanded=\"false\" tabindex=\"0\"><i class=\"ea-expand-icon ea-icon-expand-plus\"><\/i> CLASSIQUE<\/a><\/h3><div class=\"sp-collapse spcollapse \" id=\"collapse751\" data-parent=\"#sp-ea-75\" role=\"region\" aria-labelledby=\"ea-header-751\"><div class=\"ea-body\"><h3><strong>CLASSIQUE\u00a0 \u00a0<img loading=\"lazy\" decoding=\"async\" class=\"alignnone size-medium wp-image-30\" src=\"http:\/\/aclam-mornant.fr\/wp-content\/uploads\/2024\/06\/IMG_1066-300x225.jpeg\" alt=\"\" width=\"300\" height=\"225\" srcset=\"https:\/\/aclam-mornant.fr\/wp-content\/uploads\/2024\/06\/IMG_1066-300x225.jpeg 300w, https:\/\/aclam-mornant.fr\/wp-content\/uploads\/2024\/06\/IMG_1066-1024x768.jpeg 1024w, https:\/\/aclam-mornant.fr\/wp-content\/uploads\/2024\/06\/IMG_1066-768x576.jpeg 768w, https:\/\/aclam-mornant.fr\/wp-content\/uploads\/2024\/06\/IMG_1066-1536x1152.jpeg 1536w, https:\/\/aclam-mornant.fr\/wp-content\/uploads\/2024\/06\/IMG_1066.jpeg 2000w\" sizes=\"auto, (max-width: 300px) 100vw, 300px\" \/><\/strong><\/h3>\n<p>La danse classique se pratique \u00e0 partir de positions et mouvements de base, comme les pli\u00e9s, demi-pli\u00e9s et la r\u00e9v\u00e9rence. On commence avec les demi-pointes, puis il y a les pointes pour les filles qui sont des chaussons \u00e0 bouts durs qui permettent de monter sur les orteils.<br \/>\nLa technique des filles est essentiellement li\u00e9e aux pointes alors que la technique des gar\u00e7ons consiste principalement en des tours et des sauts en l\u2019air.<\/p>\n<p><strong>Professeur : Tiphanie GALLO MARCHIANDO<\/strong><\/p>\n<p>Horaires : Mercredi<\/p>\n<p>Salle de Danse - Espace Culturel Jean Carmet<\/p>\n<div class=\"entry\">\n<p>6\/8 ans D\u00e9butant : mercredi 11h00 \u00e0 12h00<\/p>\n<p>Salle Car\u00e9mi<\/p>\n<p>8\/12 ans : 13h00 \u00e0 14h15<\/p>\n<p>12\/14 ans +\u00a0 d\u00e9couverte pointe :14h15 \u00e0 15h45<\/p>\n<p>14 ans et plus + pointe : 15h45 \u2013 17h15<\/p>\n<p>&nbsp;<\/p>\n<\/div>\n<\/div><\/div><\/div><div class=\"ea-card  sp-ea-single\"><h3 class=\"ea-header\"><a class=\"collapsed\" id=\"ea-header-752\" data-sptoggle=\"spcollapse\" data-sptarget=\"#collapse752\" aria-controls=\"collapse752\" href=\"javascript:void(0)\"  aria-expanded=\"false\" tabindex=\"0\"><i class=\"ea-expand-icon ea-icon-expand-plus\"><\/i> ESCRIME\u00a0<\/a><\/h3><div class=\"sp-collapse spcollapse \" id=\"collapse752\" data-parent=\"#sp-ea-75\" role=\"region\" aria-labelledby=\"ea-header-752\"><div class=\"ea-body\"><div class=\"sBloc\">\n<div class=\"blocActDescritpion\">\n<div id=\"post-274\" class=\"post-107 page hentry category-non-classe\">\n<h3 class=\"entry\"><strong>ESCRIME\u00a0 \u00a0\u00a0<img loading=\"lazy\" decoding=\"async\" class=\"alignnone size-medium wp-image-21\" src=\"http:\/\/aclam-mornant.fr\/wp-content\/uploads\/2024\/06\/378381244_1028744344827766_389723553743418502_n-300x225.jpg\" alt=\"\" width=\"300\" height=\"225\" srcset=\"https:\/\/aclam-mornant.fr\/wp-content\/uploads\/2024\/06\/378381244_1028744344827766_389723553743418502_n-300x225.jpg 300w, https:\/\/aclam-mornant.fr\/wp-content\/uploads\/2024\/06\/378381244_1028744344827766_389723553743418502_n-1024x768.jpg 1024w, https:\/\/aclam-mornant.fr\/wp-content\/uploads\/2024\/06\/378381244_1028744344827766_389723553743418502_n-768x576.jpg 768w, https:\/\/aclam-mornant.fr\/wp-content\/uploads\/2024\/06\/378381244_1028744344827766_389723553743418502_n-1536x1152.jpg 1536w, https:\/\/aclam-mornant.fr\/wp-content\/uploads\/2024\/06\/378381244_1028744344827766_389723553743418502_n.jpg 2048w\" sizes=\"auto, (max-width: 300px) 100vw, 300px\" \/><\/strong><\/h3>\n<\/div>\n<\/div>\n<\/div>\n<div class=\"sBloc\">\n<div class=\"blocActProf\">\n<div id=\"post-272\" class=\"post-107 page hentry category-non-classe\">\n<p>Escrime pour les jeunes \u00e0 partir de 6 ans \u00a0Possibilit\u00e9 de location de l\u2019\u00e9quipement (veste, masque\u2026)<\/p>\n<p>&nbsp;<\/p>\n<div class=\"sBloc\">\n<div class=\"blocActProf\">\n<div id=\"post-272\" class=\"post-107 page hentry category-non-classe\">\n<p><strong>Professeur : Julien GUICHARDAN<\/strong><\/p>\n<p>&nbsp;<\/p>\n<\/div>\n<\/div>\n<p>Horaires\u00a0 Samedi\u00a0 Gymnase Dodieux<\/p>\n<p>D\u00e9butants 7-10 ans : 9h00 \u00e0 10h00<\/p>\n<p>+ de 10 ans : 10h00 \u00e0 12h00<\/p>\n<\/div>\n<\/div>\n<\/div>\n<\/div>\n<\/div><\/div><\/div><div class=\"ea-card  sp-ea-single\"><h3 class=\"ea-header\"><a class=\"collapsed\" id=\"ea-header-753\" data-sptoggle=\"spcollapse\" data-sptarget=\"#collapse753\" aria-controls=\"collapse753\" href=\"javascript:void(0)\"  aria-expanded=\"false\" tabindex=\"0\"><i class=\"ea-expand-icon ea-icon-expand-plus\"><\/i> EVEIL A LA DANSE\u00a0<\/a><\/h3><div class=\"sp-collapse spcollapse \" id=\"collapse753\" data-parent=\"#sp-ea-75\" role=\"region\" aria-labelledby=\"ea-header-753\"><div class=\"ea-body\"><div class=\"sBloc\">\n<div class=\"blocActDescritpion\">\n<div id=\"post-220\" class=\"post-107 page hentry category-non-classe\">\n<div class=\"entry\">\n<h3><strong>EVEIL A LA DANSE\u00a0 <img loading=\"lazy\" decoding=\"async\" class=\"alignnone wp-image-62\" src=\"http:\/\/aclam-mornant.fr\/wp-content\/uploads\/2024\/06\/2024.03.27-Cours-Initiation-Danse-ACLAM-2-1.jpg\" alt=\"\" width=\"260\" height=\"195\" \/><\/strong><\/h3>\n<p><strong>Eveil \u00e0 la danse (\u00e0 partir de 4 ans) :<\/strong><br \/>\nL\u2019enfant apprend petit \u00e0 petit \u00e0 d\u00e9velopper de l\u2019autonomie dans la gestion de son corps. A partir de situations ludiques et vari\u00e9es, il d\u00e9couvre et int\u00e8gre l\u2019apprentissage du rythme, du mouvement, de l\u2019espace.<br \/>\nLe cours est avant tout bas\u00e9 sur l\u2019\u00e9panouissement de l\u2019\u00e9l\u00e8ve et fait appel \u00e0 son imaginaire et sa cr\u00e9ativit\u00e9 pour facilit\u00e9 le plaisir d\u2019apprendre \u00e0 danser.<\/p>\n<\/div>\n<\/div>\n<\/div>\n<\/div>\n<div class=\"sBloc\">\n<div class=\"blocActProf\">\n<div id=\"post-224\" class=\"post-107 page hentry category-non-classe\">\n<p><strong>Professeur : Tiphanie GALLO MARCHIANDO et Marion PELLET<\/strong><\/p>\n<\/div>\n<\/div>\n<\/div>\n<div class=\"sBloc\">\n<div class=\"blocActImage\">\n<div id=\"post-226\" class=\"post-107 page hentry category-non-classe\"><\/div>\n<\/div>\n<\/div>\n<div class=\"sBloc\">\n<div class=\"blocActHorairesEnf\">\n<div id=\"post-415\" class=\"post-107 page hentry category-non-classe\">\n<p>Horaires<\/p>\n<p>EVEIL A LA DANSE et INITIATION DANSE\u00a0Mercredi<\/p>\n<p>EVEIL<br \/>\n4\/5 ans - Mercredi\u00a0 10h15 \u2013 11h00 Salle de Danse Espace Cultuel Mornant<\/p>\n<p>4\/5 ans - Lundi 17h15 - 18h00 Salle de Danse Espace Culturel Mornant<\/p>\n<p>&nbsp;<\/p>\n<\/div>\n<\/div>\n<\/div>\n<\/div><\/div><\/div><div class=\"ea-card  sp-ea-single\"><h3 class=\"ea-header\"><a class=\"collapsed\" id=\"ea-header-754\" data-sptoggle=\"spcollapse\" data-sptarget=\"#collapse754\" aria-controls=\"collapse754\" href=\"javascript:void(0)\"  aria-expanded=\"false\" tabindex=\"0\"><i class=\"ea-expand-icon ea-icon-expand-plus\"><\/i> HIP HOP<\/a><\/h3><div class=\"sp-collapse spcollapse \" id=\"collapse754\" data-parent=\"#sp-ea-75\" role=\"region\" aria-labelledby=\"ea-header-754\"><div class=\"ea-body\"><div class=\"sBloc\">\n<div class=\"blocActDescritpion\">\n<div id=\"post-1157\" class=\"post-107 page hentry category-non-classe\">\n<div class=\"entry\">\n<h3><strong>HIP HOP<\/strong><\/h3>\n<ul>\n<li>Danse contemporaine urbaine\u00a0: d\u00e8s 8 ans, pour enfants\u00a0 ados et jeunes adultes<\/li>\n<li>Les cours sont impr\u00e9gn\u00e9s de culture hip hop<\/li>\n<li>Trois styles de danse\u00a0: breaking (danse au sol avec des figures), locking (danse funky) et popping (danse mimant un robot )<\/li>\n<\/ul>\n<\/div>\n<\/div>\n<\/div>\n<\/div>\n<div class=\"sBloc\">\n<div class=\"blocActProf\">\n<div id=\"post-1159\" class=\"post-107 page hentry category-non-classe\">\n<p><strong>Professeur : Tia GARCIA<\/strong><\/p>\n<p>Horaires : Mercredi - Salle Polyvalente - \u00c9cole Petit Prince<\/p>\n<\/div>\n<\/div>\n<\/div>\n<div class=\"sBloc\">\n<div class=\"blocActHorairesEnf\">\n<div id=\"post-1163\" class=\"post-107 page hentry category-non-classe\">\n<p>13h00 \u2013 14h00\u00a0 \u00a0 8 \u00e0 10 ans<br \/>\n14h00 \u2013 15h00\u00a0 \u00a0 10 \u00e0 13 ans<\/p>\n<p>14h45 - 15h45\u00a0 \u00a0 \u00a0 \u00a010 \u00e0 13 ans<\/p>\n<\/div>\n<\/div>\n<\/div>\n<\/div><\/div><\/div><div class=\"ea-card  sp-ea-single\"><h3 class=\"ea-header\"><a class=\"collapsed\" id=\"ea-header-755\" data-sptoggle=\"spcollapse\" data-sptarget=\"#collapse755\" aria-controls=\"collapse755\" href=\"javascript:void(0)\"  aria-expanded=\"false\" tabindex=\"0\"><i class=\"ea-expand-icon ea-icon-expand-plus\"><\/i> JUDO<\/a><\/h3><div class=\"sp-collapse spcollapse \" id=\"collapse755\" data-parent=\"#sp-ea-75\" role=\"region\" aria-labelledby=\"ea-header-755\"><div class=\"ea-body\"><div class=\"sBloc\">\n<div class=\"blocActDescritpion\">\n<div id=\"post-441\" class=\"post-107 page hentry category-non-classe\">\n<div class=\"entry\">\n<h3><strong>JUDO\u00a0\u00a0<img loading=\"lazy\" decoding=\"async\" class=\"alignnone size-medium wp-image-26\" src=\"http:\/\/aclam-mornant.fr\/wp-content\/uploads\/2024\/06\/417561000_1083671382668395_3279677738896110956_n-225x300.jpg\" alt=\"\" width=\"225\" height=\"300\" srcset=\"https:\/\/aclam-mornant.fr\/wp-content\/uploads\/2024\/06\/417561000_1083671382668395_3279677738896110956_n-225x300.jpg 225w, https:\/\/aclam-mornant.fr\/wp-content\/uploads\/2024\/06\/417561000_1083671382668395_3279677738896110956_n-768x1024.jpg 768w, https:\/\/aclam-mornant.fr\/wp-content\/uploads\/2024\/06\/417561000_1083671382668395_3279677738896110956_n-1152x1536.jpg 1152w, https:\/\/aclam-mornant.fr\/wp-content\/uploads\/2024\/06\/417561000_1083671382668395_3279677738896110956_n.jpg 1536w\" sizes=\"auto, (max-width: 225px) 100vw, 225px\" \/><\/strong><\/h3>\n<p>Avec les petits judokas, le travail est bas\u00e9 sur l\u2019\u00e9coute et l\u2019approche du judo se fait par le jeu avec des \u00e9ducatifs simples et adapt\u00e9s \u00e0 l\u2019\u00e2ge du pratiquant.<br \/>\npuis, plus on avance avec l\u2019obtention des ceintures valid\u00e9es par des tests de connaissance et plus la pratique se pr\u00e9cise.<br \/>\nLe judo est une \u00e9cole de vie.<\/p>\n<\/div>\n<\/div>\n<\/div>\n<\/div>\n<div class=\"sBloc\">\n<div class=\"blocActProf\">\n<div id=\"post-443\" class=\"post-107 page hentry category-non-classe\">\n<p><strong>Professeur : Maurice GUYON<\/strong><\/p>\n<p>&nbsp;<\/p>\n<\/div>\n<\/div>\n<\/div>\n<div class=\"sBloc\">\n<div class=\"blocActImage\">\n<div id=\"post-449\" class=\"post-107 page hentry category-non-classe\">Horaires :<\/div>\n<div class=\"post-107 page hentry category-non-classe\"><strong>1 COURS PAR SEMAINE<\/strong><\/div>\n<\/div>\n<\/div>\n<div class=\"sBloc\">\n<div class=\"blocActHorairesEnf\">\n<div id=\"post-446\" class=\"post-107 page hentry category-non-classe\">\n<div class=\"entry\">\n<p><strong>2021\/2020<\/strong><br \/>\nLUNDI\u00a0 17H15 \u2013\u00a0 18H15<\/p>\n<p><strong>2016 \u00e0 2012<\/strong><br \/>\nLUNDI\u00a0 18h15 \u2013\u00a0 19h45<\/p>\n<p><strong>2020\/2019<\/strong><br \/>\nMERCREDI\u00a0 13H30 \u2013\u00a0 14H30<\/p>\n<p><strong>2019\/2017 d\u00e9butants ou non<br \/>\n<\/strong>MERCREDI\u00a0 14H30 \u2013\u00a0 15H45<\/p>\n<p><strong>2019\/2016\u00a0non d\u00e9butants\u00a0<\/strong><br \/>\nMERCREDI\u00a0 15h45 \u2013\u00a0 17h00<\/p>\n<p><strong>2016\/2012 d\u00e9butant ou non<\/strong><br \/>\nMERCREDI\u00a0 17h00 \u2013\u00a0 18H30<\/p>\n<p>&nbsp;<\/p>\n<\/div>\n<\/div>\n<\/div>\n<\/div>\n<\/div><\/div><\/div><div class=\"ea-card  sp-ea-single\"><h3 class=\"ea-header\"><a class=\"collapsed\" id=\"ea-header-756\" data-sptoggle=\"spcollapse\" data-sptarget=\"#collapse756\" aria-controls=\"collapse756\" href=\"javascript:void(0)\"  aria-expanded=\"false\" tabindex=\"0\"><i class=\"ea-expand-icon ea-icon-expand-plus\"><\/i> MODERN JAZZ \/ CONTEMPORAIN<\/a><\/h3><div class=\"sp-collapse spcollapse \" id=\"collapse756\" data-parent=\"#sp-ea-75\" role=\"region\" aria-labelledby=\"ea-header-756\"><div class=\"ea-body\"><div class=\"sBloc\">\n<div class=\"blocActDescritpion\">\n<div id=\"post-3320\" class=\"post-107 page hentry category-non-classe\">\n<div class=\"entry\">\n<h3><strong>MODERN JAZZ<\/strong><\/h3>\n<p>\u00e0 partir de 6 ans.<br \/>\nStructurer le corps en ayant le plaisir \u00e0 danser, travailler sur le temps, l\u2019espace, les dynamiques du mouvement et la gestion du poids du corps.<\/p>\n<\/div>\n<\/div>\n<\/div>\n<\/div>\n<div class=\"sBloc\">\n<div class=\"blocActProf\">\n<div id=\"post-3335\" class=\"post-107 page hentry category-non-classe\">\n<p><strong>Professeurs : Marion PELLET et Emilie BOUTON<\/strong><\/p>\n<p>Horaires<\/p>\n<p>Salle de Danse - Espace Culturel Jean Carmet<\/p>\n<\/div>\n<\/div>\n<\/div>\n<div class=\"sBloc\">\n<div class=\"blocActHorairesEnf\">\n<div id=\"post-3339\" class=\"post-107 page hentry category-non-classe\">\n<div class=\"entry\">\n<p><strong>1 COURS PAR SEMAINE<\/strong><\/p>\n<p>Lundi<br \/>\n11\/13 ans\u00a0 \u00a018h00 \u2013 19h15<br \/>\n14\/18 ans\u00a0 \u00a019h15 \u2013 20h45<\/p>\n<p>Vendredi<br \/>\n8\/11 ans\u00a0 \u00a017h00 \u2013 18h00<br \/>\n12\/15 ans\u00a0 \u00a019h30 \u2013 20h45<br \/>\n+ 15 ans\u00a0 20h45 \u2013 22h15<\/p>\n<p>&nbsp;<\/p>\n<\/div>\n<\/div>\n<\/div>\n<\/div>\n<\/div><\/div><\/div><div class=\"ea-card  sp-ea-single\"><h3 class=\"ea-header\"><a class=\"collapsed\" id=\"ea-header-757\" data-sptoggle=\"spcollapse\" data-sptarget=\"#collapse757\" aria-controls=\"collapse757\" href=\"javascript:void(0)\"  aria-expanded=\"false\" tabindex=\"0\"><i class=\"ea-expand-icon ea-icon-expand-plus\"><\/i> STREET JAZZ<\/a><\/h3><div class=\"sp-collapse spcollapse \" id=\"collapse757\" data-parent=\"#sp-ea-75\" role=\"region\" aria-labelledby=\"ea-header-757\"><div class=\"ea-body\"><div class=\"sBloc\">\n<div class=\"blocActDescritpion\">\n<div id=\"post-3364\" class=\"post-107 page hentry category-non-classe\">\n<div class=\"entry\">\n<h3><strong>STREET JAZZ\u00a0\u00a0<\/strong><\/h3>\n<p>Le street jazz est du Modern Jazz \u00ab revisit\u00e9 \u00bb o\u00f9 la personnalit\u00e9 du danseur est mise en avant \u00e0 travers une gestuelle et des attitudes inspir\u00e9es des grands noms de la pop am\u00e9ricaine., Beyonc\u00e9, Lady Gaga, Madonna\u2026<br \/>\nIl s\u2019adresse, aux ados\/adultes ayant d\u00e9j\u00e0 pratiqu\u00e9 une danse.<\/p>\n<p>Initiation \u00e0 la Danse Street Jazz (5-7 ans) : D\u00e9couverte des pas de base du Street Jazz et autres danses urbaines, travail sur diff\u00e9rentes \u00e9nergies pour explorer une multitude de mouvements dynamiques, accents, d\u00e9placements sur des musiques et chor\u00e9graphies enjou\u00e9es.<\/p>\n<p><strong>Professeurs : Claire FASAN<\/strong><\/p>\n<\/div>\n<\/div>\n<\/div>\n<\/div>\n<div class=\"sBloc\">\n<div class=\"blocActImage\">\n<h4 id=\"post-3518\" class=\"post-107 page hentry category-non-classe\">Horaires<\/h4>\n<\/div>\n<\/div>\n<div class=\"sBloc\">\n<div class=\"blocActHorairesEnf\">\n<div id=\"post-3520\" class=\"post-107 page hentry category-non-classe\">\n<div class=\"entry\">\n<p><strong>5\/7 ans<\/strong><br \/>\nMERCREDI\u00a0 \u00a015h45 \u2013 16h45\u00a0 \u00a0 \u00a0 Salle Polyvalente - \u00c9cole Petit Prince<\/p>\n<p><strong>8\/11 ans<\/strong><br \/>\nMERCREDI\u00a0 \u00a016H45 \u2013 17H45\u00a0 Salle Polyvalente - \u00c9cole Petit Prince<\/p>\n<p><strong>INTERM\u00c9DIAIRE ADOS<\/strong><br \/>\nMERCREDI 17h45 \u2013 18h45\u00a0 Salle Polyvalente - \u00c9cole Petit Prince<\/p>\n<p><strong>PERFORMANT + de 15 ans<br \/>\n<\/strong>MERCREDI\u00a0 \u00a0 19h00 \u2013 20h15\u00a0 \u00a0 Salle de Danse Espace Jean Carmet<\/p>\n<\/div>\n<\/div>\n<\/div>\n<\/div>\n<\/div><\/div><\/div><div class=\"ea-card  sp-ea-single\"><h3 class=\"ea-header\"><a class=\"collapsed\" id=\"ea-header-758\" data-sptoggle=\"spcollapse\" data-sptarget=\"#collapse758\" aria-controls=\"collapse758\" href=\"javascript:void(0)\"  aria-expanded=\"false\" tabindex=\"0\"><i class=\"ea-expand-icon ea-icon-expand-plus\"><\/i> THEATRE<\/a><\/h3><div class=\"sp-collapse spcollapse \" id=\"collapse758\" data-parent=\"#sp-ea-75\" role=\"region\" aria-labelledby=\"ea-header-758\"><div class=\"ea-body\"><div class=\"sBloc\">\n<div class=\"blocActProf\">\n<div id=\"post-3346\" class=\"post-107 page hentry category-non-classe\">\n<h3>THEATRE<\/h3>\n<p><strong>Professeur : Guy LOUISON<\/strong><\/p>\n<p><strong>Horaires<\/strong><\/p>\n<\/div>\n<\/div>\n<\/div>\n<div class=\"sBloc\">\n<div class=\"blocActHorairesEnf\">\n<div id=\"post-3350\" class=\"post-107 page hentry category-non-classe\">\n<div class=\"entry\">\n<p><strong>Salle Rodin - maison des Associations<br \/>\nEnfants (7\/10 ans)<\/strong><br \/>\nMardi\u00a0 17h00 -18h00<br \/>\n<strong>Pr\u00e9-ados \/ Ados (11\/14 ans)<\/strong><br \/>\nMardi 18h00 \u2013 19h30<\/p>\n<\/div>\n<\/div>\n<\/div>\n<\/div>\n<\/div><\/div><\/div><div class=\"ea-card  sp-ea-single\"><h3 class=\"ea-header\"><a class=\"collapsed\" id=\"ea-header-759\" data-sptoggle=\"spcollapse\" data-sptarget=\"#collapse759\" aria-controls=\"collapse759\" href=\"javascript:void(0)\"  aria-expanded=\"false\" tabindex=\"0\"><i class=\"ea-expand-icon ea-icon-expand-plus\"><\/i> ZUMBA enfants<\/a><\/h3><div class=\"sp-collapse spcollapse \" id=\"collapse759\" data-parent=\"#sp-ea-75\" role=\"region\" aria-labelledby=\"ea-header-759\"><div class=\"ea-body\"><div class=\"sBloc\">\n<div class=\"blocActDescritpion\">\n<div id=\"post-6085\" class=\"post-107 page hentry category-non-classe\">\n<div class=\"entry\">\n<h3><strong>ZUMBA enfants<\/strong><\/h3>\n<p>La Zumba enfant c\u2019est un m\u00e9lange de musiques latines et de pas de danse simplifi\u00e9s pour cr\u00e9er une animation \u00e9ducative, sportive et amusante pour les enfants !<\/p>\n<p>Des musiques sp\u00e9cialement con\u00e7ues pour les enfants, des chor\u00e9graphies adapt\u00e9es \u00e0 leur \u00e2ge. Le mouvement, le rythme et la coordination sur les rythmes Salsa, Merengue, Hip Hop, Cumbia, Reggaeton\u2026<\/p>\n<\/div>\n<\/div>\n<\/div>\n<\/div>\n<div class=\"sBloc\">\n<div class=\"blocActProf\">\n<div id=\"post-3378\" class=\"post-107 page hentry category-non-classe\">\n<p><strong>Professeur : Yang Gao<\/strong><\/p>\n<\/div>\n<\/div>\n<\/div>\n<div class=\"sBloc\">\n<div class=\"blocActImage\">\n<div id=\"post-3380\" class=\"post-107 page hentry category-non-classe\"><img loading=\"lazy\" decoding=\"async\" class=\"alignnone size-medium wp-image-36\" src=\"http:\/\/aclam-mornant.fr\/wp-content\/uploads\/2024\/06\/Yang-Gao-225x300.jpg\" alt=\"\" width=\"225\" height=\"300\" srcset=\"https:\/\/aclam-mornant.fr\/wp-content\/uploads\/2024\/06\/Yang-Gao-225x300.jpg 225w, https:\/\/aclam-mornant.fr\/wp-content\/uploads\/2024\/06\/Yang-Gao-768x1024.jpg 768w, https:\/\/aclam-mornant.fr\/wp-content\/uploads\/2024\/06\/Yang-Gao-1152x1536.jpg 1152w, https:\/\/aclam-mornant.fr\/wp-content\/uploads\/2024\/06\/Yang-Gao.jpg 1200w\" sizes=\"auto, (max-width: 225px) 100vw, 225px\" \/><\/div>\n<\/div>\n<\/div>\n<div class=\"sBloc\">\n<div class=\"blocActHorairesEnf\">\n<div id=\"post-3381\" class=\"post-107 page hentry category-non-classe\">\n<p><strong>Horaires<\/strong><\/p>\n<div class=\"entry\">\n<p><strong>P\u00f4le Simone Veil<\/strong><\/p>\n<p><strong>Mardi\u00a0\u00a0<\/strong>18h00\/19h00\u00a0 \u00a0\u2013\u00a0 \u00a0 8\/12 ans<\/p>\n<\/div>\n<\/div>\n<\/div>\n<\/div>\n<\/div><\/div><\/div><\/div><\/div>\r\n","protected":false},"excerpt":{"rendered":"","protected":false},"author":1,"featured_media":0,"parent":0,"menu_order":0,"comment_status":"closed","ping_status":"open","template":"","meta":{"footnotes":""},"class_list":["post-2","page","type-page","status-publish","hentry"],"_links":{"self":[{"href":"https:\/\/aclam-mornant.fr\/index.php\/wp-json\/wp\/v2\/pages\/2","targetHints":{"allow":["GET"]}}],"collection":[{"href":"https:\/\/aclam-mornant.fr\/index.php\/wp-json\/wp\/v2\/pages"}],"about":[{"href":"https:\/\/aclam-mornant.fr\/index.php\/wp-json\/wp\/v2\/types\/page"}],"author":[{"embeddable":true,"href":"https:\/\/aclam-mornant.fr\/index.php\/wp-json\/wp\/v2\/users\/1"}],"replies":[{"embeddable":true,"href":"https:\/\/aclam-mornant.fr\/index.php\/wp-json\/wp\/v2\/comments?post=2"}],"version-history":[{"count":2,"href":"https:\/\/aclam-mornant.fr\/index.php\/wp-json\/wp\/v2\/pages\/2\/revisions"}],"predecessor-version":[{"id":77,"href":"https:\/\/aclam-mornant.fr\/index.php\/wp-json\/wp\/v2\/pages\/2\/revisions\/77"}],"wp:attachment":[{"href":"https:\/\/aclam-mornant.fr\/index.php\/wp-json\/wp\/v2\/media?parent=2"}],"curies":[{"name":"wp","href":"https:\/\/api.w.org\/{rel}","templated":true}]}}