{"id":95,"date":"2024-06-08T09:25:41","date_gmt":"2024-06-08T07:25:41","guid":{"rendered":"https:\/\/aclam-mornant.fr\/?page_id=95"},"modified":"2025-06-18T14:00:49","modified_gmt":"2025-06-18T12:00:49","slug":"inscriptions","status":"publish","type":"page","link":"https:\/\/aclam-mornant.fr\/index.php\/inscriptions\/","title":{"rendered":"Inscriptions"},"content":{"rendered":"<p>Les r\u00e9inscriptions seront possibles \u00e0 compter du 24 juin 14h sur le site :<\/p>\n<p><a href=\"https:\/\/aclam.comiti-sport.fr\/\" target=\"_blank\" rel=\"noopener\">https:\/\/aclam.comiti-sport.fr\/<\/a><\/p>\n<p>Pour les nouveau adh\u00e9rents, inscription possible \u00e0 compter du 1er juillet \u00e0 14h<\/p>\n<p>Vous pouvez d&rsquo;ores et d\u00e9j\u00e0 cr\u00e9er votre compte<\/p>\n<p>Pour information :\u00a0<a href=\"https:\/\/aclam-mornant.fr\/wp-content\/uploads\/2024\/06\/Reglement-interieur-1.pdf\" target=\"_blank\" rel=\"noopener\">R\u00e8glement int\u00e9rieur<\/a><\/p>\n<p>&nbsp;<\/p>\n","protected":false},"excerpt":{"rendered":"<p>Les r\u00e9inscriptions seront possibles \u00e0 compter du 24 juin 14h sur le site : https:\/\/aclam.comiti-sport.fr\/ Pour les nouveau adh\u00e9rents, inscription possible \u00e0 compter du 1er juillet \u00e0 14h Vous pouvez d&rsquo;ores et d\u00e9j\u00e0 cr\u00e9er votre compte Pour information :\u00a0R\u00e8glement int\u00e9rieur &nbsp;<\/p>\n","protected":false},"author":1,"featured_media":0,"parent":0,"menu_order":0,"comment_status":"closed","ping_status":"closed","template":"","meta":{"footnotes":""},"class_list":["post-95","page","type-page","status-publish","hentry"],"_links":{"self":[{"href":"https:\/\/aclam-mornant.fr\/index.php\/wp-json\/wp\/v2\/pages\/95","targetHints":{"allow":["GET"]}}],"collection":[{"href":"https:\/\/aclam-mornant.fr\/index.php\/wp-json\/wp\/v2\/pages"}],"about":[{"href":"https:\/\/aclam-mornant.fr\/index.php\/wp-json\/wp\/v2\/types\/page"}],"author":[{"embeddable":true,"href":"https:\/\/aclam-mornant.fr\/index.php\/wp-json\/wp\/v2\/users\/1"}],"replies":[{"embeddable":true,"href":"https:\/\/aclam-mornant.fr\/index.php\/wp-json\/wp\/v2\/comments?post=95"}],"version-history":[{"count":9,"href":"https:\/\/aclam-mornant.fr\/index.php\/wp-json\/wp\/v2\/pages\/95\/revisions"}],"predecessor-version":[{"id":269,"href":"https:\/\/aclam-mornant.fr\/index.php\/wp-json\/wp\/v2\/pages\/95\/revisions\/269"}],"wp:attachment":[{"href":"https:\/\/aclam-mornant.fr\/index.php\/wp-json\/wp\/v2\/media?parent=95"}],"curies":[{"name":"wp","href":"https:\/\/api.w.org\/{rel}","templated":true}]}}